{"id":97,"date":"2026-03-26T15:50:03","date_gmt":"2026-03-26T14:50:03","guid":{"rendered":"https:\/\/justeplace.me\/?page_id=97"},"modified":"2026-03-26T17:31:42","modified_gmt":"2026-03-26T16:31:42","slug":"contact","status":"publish","type":"page","link":"https:\/\/justeplace.me\/?page_id=97","title":{"rendered":"contact"},"content":{"rendered":"<style>.kb-row-layout-id97_4cd7b7-07 > .kt-row-column-wrap{align-content:start;}:where(.kb-row-layout-id97_4cd7b7-07 > .kt-row-column-wrap) > .wp-block-kadence-column{justify-content:start;}.kb-row-layout-id97_4cd7b7-07 > .kt-row-column-wrap{column-gap:var(--global-kb-gap-lg, 4rem);row-gap:var(--global-kb-gap-md, 2rem);max-width:1200px;margin-left:auto;margin-right:auto;padding-top:var(--global-kb-spacing-3xl, 6.5rem);padding-bottom:var(--global-kb-spacing-sm, 1.5rem);min-height:750px;}.kb-row-layout-id97_4cd7b7-07 > .kt-row-column-wrap > *:nth-child(3n+1 of *:not(style)){grid-column:1 \/ -1;}.kb-row-layout-id97_4cd7b7-07 > .kt-row-column-wrap{grid-template-columns:repeat(2, minmax(0, 1fr));}.kb-row-layout-id97_4cd7b7-07{background-color:#1e4442;}.kb-row-layout-id97_4cd7b7-07 > .kt-row-layout-overlay{opacity:0.30;}@media all and (max-width: 1024px){.kb-row-layout-id97_4cd7b7-07 > .kt-row-column-wrap > *:nth-child(3n+1 of *:not(style)){grid-column:1 \/ -1;}}@media all and (max-width: 1024px){.kb-row-layout-id97_4cd7b7-07 > .kt-row-column-wrap{grid-template-columns:repeat(2, minmax(0, 1fr));}}@media all and (max-width: 767px){.kb-row-layout-id97_4cd7b7-07 > .kt-row-column-wrap{row-gap:var(--global-kb-gap-sm, 1rem);grid-template-columns:minmax(0, 1fr);}.kb-row-layout-id97_4cd7b7-07 > .kt-row-column-wrap > div:not(.added-for-specificity){grid-column:initial;}}<\/style><div class=\"kb-row-layout-wrap kb-row-layout-id97_4cd7b7-07 alignwide kt-row-has-bg wp-block-kadence-rowlayout\"><div class=\"kt-row-column-wrap kt-has-3-columns kt-row-layout-first-row kt-tab-layout-inherit kt-mobile-layout-row kt-row-valign-top\">\n<style>.kadence-column97_9de927-6d > .kt-inside-inner-col,.kadence-column97_9de927-6d > .kt-inside-inner-col:before{border-top-left-radius:0px;border-top-right-radius:0px;border-bottom-right-radius:0px;border-bottom-left-radius:0px;}.kadence-column97_9de927-6d > .kt-inside-inner-col{column-gap:var(--global-kb-gap-sm, 1rem);}.kadence-column97_9de927-6d > .kt-inside-inner-col{flex-direction:column;}.kadence-column97_9de927-6d > .kt-inside-inner-col > .aligncenter{width:100%;}.kadence-column97_9de927-6d > .kt-inside-inner-col:before{opacity:0.3;}.kadence-column97_9de927-6d{position:relative;}@media all and (max-width: 1024px){.kadence-column97_9de927-6d > .kt-inside-inner-col{flex-direction:column;justify-content:center;}}@media all and (max-width: 767px){.kadence-column97_9de927-6d > .kt-inside-inner-col{flex-direction:column;justify-content:center;}}<\/style>\n<div class=\"wp-block-kadence-column kadence-column97_9de927-6d\"><div class=\"kt-inside-inner-col\"><style>.wp-block-kadence-advancedheading.kt-adv-heading97_303479-48, .wp-block-kadence-advancedheading.kt-adv-heading97_303479-48[data-kb-block=\"kb-adv-heading97_303479-48\"]{font-size:var(--global-kb-font-size-xl, 3rem);font-weight:500;font-style:normal;font-family:Playfair;color:#ffd9be;}.wp-block-kadence-advancedheading.kt-adv-heading97_303479-48 mark.kt-highlight, .wp-block-kadence-advancedheading.kt-adv-heading97_303479-48[data-kb-block=\"kb-adv-heading97_303479-48\"] mark.kt-highlight{font-style:normal;color:#f76a0c;-webkit-box-decoration-break:clone;box-decoration-break:clone;padding-top:0px;padding-right:0px;padding-bottom:0px;padding-left:0px;}.wp-block-kadence-advancedheading.kt-adv-heading97_303479-48 img.kb-inline-image, .wp-block-kadence-advancedheading.kt-adv-heading97_303479-48[data-kb-block=\"kb-adv-heading97_303479-48\"] img.kb-inline-image{width:150px;vertical-align:baseline;}<\/style>\n<h2 class=\"kt-adv-heading97_303479-48 wp-block-kadence-advancedheading\" data-kb-block=\"kb-adv-heading97_303479-48\">Me contacter<\/h2>\n<\/div><\/div>\n\n\n<style>.kadence-column97_56aa21-b1 > .kt-inside-inner-col{display:flex;}.kadence-column97_56aa21-b1 > .kt-inside-inner-col,.kadence-column97_56aa21-b1 > .kt-inside-inner-col:before{border-top-left-radius:0px;border-top-right-radius:0px;border-bottom-right-radius:0px;border-bottom-left-radius:0px;}.kadence-column97_56aa21-b1 > .kt-inside-inner-col{column-gap:var(--global-kb-gap-sm, 1rem);}.kadence-column97_56aa21-b1 > .kt-inside-inner-col{flex-direction:column;justify-content:flex-start;}.kadence-column97_56aa21-b1 > .kt-inside-inner-col > .aligncenter{width:100%;}.kt-row-column-wrap > .kadence-column97_56aa21-b1{align-self:flex-start;}.kt-inner-column-height-full:not(.kt-has-1-columns) > .wp-block-kadence-column.kadence-column97_56aa21-b1{align-self:auto;}.kt-inner-column-height-full:not(.kt-has-1-columns) > .wp-block-kadence-column.kadence-column97_56aa21-b1 > .kt-inside-inner-col{flex-direction:column;justify-content:flex-start;}.kadence-column97_56aa21-b1 > .kt-inside-inner-col:before{opacity:0.3;}.kadence-column97_56aa21-b1{position:relative;}@media all and (max-width: 1024px){.kt-row-column-wrap > .kadence-column97_56aa21-b1{align-self:flex-start;}}@media all and (max-width: 1024px){.kt-inner-column-height-full:not(.kt-has-1-columns) > .wp-block-kadence-column.kadence-column97_56aa21-b1{align-self:auto;}}@media all and (max-width: 1024px){.kt-inner-column-height-full:not(.kt-has-1-columns) > .wp-block-kadence-column.kadence-column97_56aa21-b1 > .kt-inside-inner-col{flex-direction:column;justify-content:flex-start;}}@media all and (max-width: 1024px){.kadence-column97_56aa21-b1 > .kt-inside-inner-col{flex-direction:column;justify-content:flex-start;}}@media all and (max-width: 767px){.kt-row-column-wrap > .kadence-column97_56aa21-b1{align-self:flex-start;}.kt-inner-column-height-full:not(.kt-has-1-columns) > .wp-block-kadence-column.kadence-column97_56aa21-b1{align-self:auto;}.kt-inner-column-height-full:not(.kt-has-1-columns) > .wp-block-kadence-column.kadence-column97_56aa21-b1 > .kt-inside-inner-col{flex-direction:column;justify-content:flex-start;}.kadence-column97_56aa21-b1 > .kt-inside-inner-col{flex-direction:column;justify-content:flex-start;}}<\/style>\n<div class=\"wp-block-kadence-column kadence-column97_56aa21-b1\"><div class=\"kt-inside-inner-col\"><style>.wp-block-kadence-iconlist.kt-svg-icon-list-items97_850f37-05:not(.this-stops-third-party-issues){margin-top:0px;margin-bottom:0px;}.wp-block-kadence-iconlist.kt-svg-icon-list-items97_850f37-05 ul.kt-svg-icon-list:not(.this-prevents-issues):not(.this-stops-third-party-issues):not(.tijsloc){margin-top:0px;margin-right:0px;margin-bottom:var(--global-kb-spacing-sm, 1.5rem);margin-left:0px;}.wp-block-kadence-iconlist.kt-svg-icon-list-items97_850f37-05 ul.kt-svg-icon-list{grid-row-gap:15px;}.wp-block-kadence-iconlist.kt-svg-icon-list-items97_850f37-05 ul.kt-svg-icon-list .kt-svg-icon-list-item-wrap .kt-svg-icon-list-single{margin-right:10px;}.kt-svg-icon-list-items97_850f37-05 ul.kt-svg-icon-list .kt-svg-icon-list-item-wrap, .kt-svg-icon-list-items97_850f37-05 ul.kt-svg-icon-list .kt-svg-icon-list-item-wrap a{color:var(--global-palette9, #ffffff);color:var(--global-palette9, #ffffff);}.kt-svg-icon-list-items97_850f37-05 ul.kt-svg-icon-list .kt-svg-icon-list-level-0 .kt-svg-icon-list-single svg{font-size:20px;}@media all and (max-width: 767px){.kt-svg-icon-list-items97_850f37-05 ul.kt-svg-icon-list .kt-svg-icon-list-item-wrap, .kt-svg-icon-list-items97_850f37-05 ul.kt-svg-icon-list .kt-svg-icon-list-item-wrap a{font-size:var(--global-kb-font-size-sm, 0.9rem);}}<\/style>\n<div class=\"wp-block-kadence-iconlist kt-svg-icon-list-items kt-svg-icon-list-items97_850f37-05 kt-svg-icon-list-columns-1 alignnone\"><ul class=\"kt-svg-icon-list\"><style>.kt-svg-icon-list-item-97_d1298e-eb .kt-svg-icon-list-text mark.kt-highlight{background-color:unset;font-style:normal;color:#f76a0c;-webkit-box-decoration-break:clone;box-decoration-break:clone;padding-top:0px;padding-right:0px;padding-bottom:0px;padding-left:0px;}<\/style>\n<li class=\"wp-block-kadence-listitem kt-svg-icon-list-item-wrap kt-svg-icon-list-item-97_d1298e-eb\"><span class=\"kb-svg-icon-wrap kb-svg-icon-fe_phone kt-svg-icon-list-single\"><svg viewBox=\"0 0 24 24\"  fill=\"none\" stroke=\"currentColor\" stroke-width=\"2\" stroke-linecap=\"round\" stroke-linejoin=\"round\" xmlns=\"http:\/\/www.w3.org\/2000\/svg\"  aria-hidden=\"true\"><path d=\"M22 16.92v3a2 2 0 0 1-2.18 2 19.79 19.79 0 0 1-8.63-3.07 19.5 19.5 0 0 1-6-6 19.79 19.79 0 0 1-3.07-8.67A2 2 0 0 1 4.11 2h3a2 2 0 0 1 2 1.72 12.84 12.84 0 0 0 .7 2.81 2 2 0 0 1-.45 2.11L8.09 9.91a16 16 0 0 0 6 6l1.27-1.27a2 2 0 0 1 2.11-.45 12.84 12.84 0 0 0 2.81.7A2 2 0 0 1 22 16.92z\"\/><\/svg><\/span><span class=\"kt-svg-icon-list-text\"><strong>Tel<\/strong> : 06 26 87 69 38<\/span><\/li>\n\n\n<style>.kt-svg-icon-list-item-97_943f94-85 .kt-svg-icon-list-text mark.kt-highlight{background-color:unset;font-style:normal;color:#f76a0c;-webkit-box-decoration-break:clone;box-decoration-break:clone;padding-top:0px;padding-right:0px;padding-bottom:0px;padding-left:0px;}<\/style>\n<li class=\"wp-block-kadence-listitem kt-svg-icon-list-item-wrap kt-svg-icon-list-item-97_943f94-85\"><span class=\"kb-svg-icon-wrap kb-svg-icon-fe_mail kt-svg-icon-list-single\"><svg viewBox=\"0 0 24 24\"  fill=\"none\" stroke=\"currentColor\" stroke-width=\"2\" stroke-linecap=\"round\" stroke-linejoin=\"round\" xmlns=\"http:\/\/www.w3.org\/2000\/svg\"  aria-hidden=\"true\"><path d=\"M4 4h16c1.1 0 2 .9 2 2v12c0 1.1-.9 2-2 2H4c-1.1 0-2-.9-2-2V6c0-1.1.9-2 2-2z\"\/><polyline points=\"22,6 12,13 2,6\"\/><\/svg><\/span><span class=\"kt-svg-icon-list-text\"><strong>Mail<\/strong> : guillemettedevernois@icloud.com<\/span><\/li>\n<\/ul><\/div>\n<\/div><\/div>\n\n\n<style>.kadence-column97_704538-ac > .kt-inside-inner-col,.kadence-column97_704538-ac > .kt-inside-inner-col:before{border-top-left-radius:0px;border-top-right-radius:0px;border-bottom-right-radius:0px;border-bottom-left-radius:0px;}.kadence-column97_704538-ac > .kt-inside-inner-col{column-gap:var(--global-kb-gap-sm, 1rem);}.kadence-column97_704538-ac > .kt-inside-inner-col{flex-direction:column;}.kadence-column97_704538-ac > .kt-inside-inner-col > .aligncenter{width:100%;}.kadence-column97_704538-ac > .kt-inside-inner-col:before{opacity:0.3;}.kadence-column97_704538-ac{position:relative;}@media all and (max-width: 1024px){.kadence-column97_704538-ac > .kt-inside-inner-col{flex-direction:column;justify-content:center;}}@media all and (max-width: 767px){.kadence-column97_704538-ac > .kt-inside-inner-col{flex-direction:column;justify-content:center;}}<\/style>\n<div class=\"wp-block-kadence-column kadence-column97_704538-ac\"><div class=\"kt-inside-inner-col\"><style>.wp-block-kadence-advanced-form105-cpt-id{background:rgba(92,27,27,0);}.wp-block-kadence-advanced-form105-cpt-id .kb-advanced-form input[type=text],.wp-block-kadence-advanced-form105-cpt-id .kb-advanced-form input[type=tel],.wp-block-kadence-advanced-form105-cpt-id .kb-advanced-form input[type=number],.wp-block-kadence-advanced-form105-cpt-id .kb-advanced-form input[type=date],.wp-block-kadence-advanced-form105-cpt-id .kb-advanced-form input[type=time],.wp-block-kadence-advanced-form105-cpt-id .kb-advanced-form input[type=email],.wp-block-kadence-advanced-form105-cpt-id .kb-advanced-form input[type=file],.wp-block-kadence-advanced-form105-cpt-id .kb-advanced-form select,.wp-block-kadence-advanced-form105-cpt-id .kb-advanced-form textarea{color:var(--global-palette9, #ffffff);border-top:0px solid #B9B9C5;border-right:0px solid #B9B9C5;border-bottom:2px solid #B9B9C5;border-left:0px solid #B9B9C5;border-top-left-radius:0px;border-top-right-radius:0px;border-bottom-right-radius:0px;border-bottom-left-radius:0px;box-shadow:0px 0px 0px 0px rgba(0, 0, 0, 0);}.wp-block-kadence-advanced-form105-cpt-id{color-scheme:dark;--kb-form-text-color:var(--global-palette9, #ffffff);--kb-form-background-color:rgba(74,85,104,0);--kb-form-border-width:0px;--kb-form-border-color:#B9B9C5;}.wp-block-kadence-advanced-form105-cpt-id input[type=text]:focus,.wp-block-kadence-advanced-form105-cpt-id input[type=email]:focus,.wp-block-kadence-advanced-form105-cpt-id input[type=tel]:focus,.wp-block-kadence-advanced-form105-cpt-id input[type=date]:focus,.wp-block-kadence-advanced-form105-cpt-id input[type=number]:focus,.wp-block-kadence-advanced-form105-cpt-id input[type=time]:focus,.wp-block-kadence-advanced-form105-cpt-id input[type=file]:focus,.wp-block-kadence-advanced-form105-cpt-id select:focus,.wp-block-kadence-advanced-form105-cpt-id textarea:focus{color:var(--global-palette9, #ffffff);border-color:var(--global-palette1, #3182CE);box-shadow:0px 0px 0px 0px rgba(0, 0, 0, 0);}.wp-block-kadence-advanced-form105-cpt-id .kb-adv-form-field .kb-adv-form-label{color:var(--global-palette9, #ffffff);}.wp-block-kadence-advanced-form105-cpt-id .kb-radio-check-item label{color:var(--global-palette14, #3182CE);color:var(--global-palette14, #3182CE);}@media all and (max-width: 1024px){.wp-block-kadence-advanced-form105-cpt-id .kb-advanced-form input[type=text],.wp-block-kadence-advanced-form105-cpt-id .kb-advanced-form input[type=tel],.wp-block-kadence-advanced-form105-cpt-id .kb-advanced-form input[type=number],.wp-block-kadence-advanced-form105-cpt-id .kb-advanced-form input[type=date],.wp-block-kadence-advanced-form105-cpt-id .kb-advanced-form input[type=time],.wp-block-kadence-advanced-form105-cpt-id .kb-advanced-form input[type=email],.wp-block-kadence-advanced-form105-cpt-id .kb-advanced-form input[type=file],.wp-block-kadence-advanced-form105-cpt-id .kb-advanced-form select,.wp-block-kadence-advanced-form105-cpt-id .kb-advanced-form textarea{border-top:0px solid #B9B9C5;border-right:0px solid #B9B9C5;border-bottom:2px solid #B9B9C5;border-left:0px solid #B9B9C5;}}@media all and (max-width: 767px){.wp-block-kadence-advanced-form105-cpt-id .kb-advanced-form input[type=text],.wp-block-kadence-advanced-form105-cpt-id .kb-advanced-form input[type=tel],.wp-block-kadence-advanced-form105-cpt-id .kb-advanced-form input[type=number],.wp-block-kadence-advanced-form105-cpt-id .kb-advanced-form input[type=date],.wp-block-kadence-advanced-form105-cpt-id .kb-advanced-form input[type=time],.wp-block-kadence-advanced-form105-cpt-id .kb-advanced-form input[type=email],.wp-block-kadence-advanced-form105-cpt-id .kb-advanced-form input[type=file],.wp-block-kadence-advanced-form105-cpt-id .kb-advanced-form select,.wp-block-kadence-advanced-form105-cpt-id .kb-advanced-form textarea{border-top:0px solid #B9B9C5;border-right:0px solid #B9B9C5;border-bottom:2px solid #B9B9C5;border-left:0px solid #B9B9C5;}}<\/style><div class=\"wp-block-kadence-advanced-form wp-block-kadence-advanced-form105-cpt-id kb-adv-form-label-style-float kb-adv-form-input-size-standard kb-form-basic-style kb-form-is-dark kb-form-has-background wp-block-kadence-advanced-form\"><form id=\"kb-adv-form-105-cpt-id\" class=\"kb-advanced-form\" method=\"post\">\n<style>.kb-row-layout-id97_f1cd47-bf > .kt-row-column-wrap{align-content:start;}:where(.kb-row-layout-id97_f1cd47-bf > .kt-row-column-wrap) > .wp-block-kadence-column{justify-content:start;}.kb-row-layout-id97_f1cd47-bf > .kt-row-column-wrap{column-gap:var(--global-kb-gap-md, 2rem);row-gap:var(--global-kb-gap-md, 2rem);padding-top:0px;padding-right:0px;padding-bottom:0px;padding-left:0px;grid-template-columns:repeat(2, minmax(0, 1fr));}.kb-row-layout-id97_f1cd47-bf > .kt-row-layout-overlay{opacity:0.30;}@media all and (max-width: 1024px){.kb-row-layout-id97_f1cd47-bf > .kt-row-column-wrap{grid-template-columns:repeat(2, minmax(0, 1fr));}}@media all and (max-width: 767px){.kb-row-layout-id97_f1cd47-bf > .kt-row-column-wrap{grid-template-columns:minmax(0, 1fr);}}<\/style><div class=\"kb-row-layout-wrap kb-row-layout-id97_f1cd47-bf alignnone wp-block-kadence-rowlayout\"><div class=\"kt-row-column-wrap kt-has-2-columns kt-row-layout-equal kt-tab-layout-inherit kt-mobile-layout-row kt-row-valign-top\">\n<style>.kadence-column97_5b0865-c3 > .kt-inside-inner-col,.kadence-column97_5b0865-c3 > .kt-inside-inner-col:before{border-top-left-radius:0px;border-top-right-radius:0px;border-bottom-right-radius:0px;border-bottom-left-radius:0px;}.kadence-column97_5b0865-c3 > .kt-inside-inner-col{column-gap:var(--global-kb-gap-sm, 1rem);}.kadence-column97_5b0865-c3 > .kt-inside-inner-col{flex-direction:column;}.kadence-column97_5b0865-c3 > .kt-inside-inner-col > .aligncenter{width:100%;}.kadence-column97_5b0865-c3 > .kt-inside-inner-col:before{opacity:0.3;}.kadence-column97_5b0865-c3{position:relative;}@media all and (max-width: 1024px){.kadence-column97_5b0865-c3 > .kt-inside-inner-col{flex-direction:column;justify-content:center;}}@media all and (max-width: 767px){.kadence-column97_5b0865-c3 > .kt-inside-inner-col{flex-direction:column;justify-content:center;}}<\/style>\n<div class=\"wp-block-kadence-column kadence-column97_5b0865-c3\"><div class=\"kt-inside-inner-col\"><div class=\"kb-adv-form-field kb-adv-form-text-type-input kb-adv-form-infield-type-input kb-field105aad357-98 wp-block-kadence-advanced-form-text\"><label class=\"kb-adv-form-label\" for=\"field105aad357-98\">Nom<\/label><input name=\"fieldaad357-98\" id=\"field105aad357-98\" data-label=\"Nom\" type=\"text\" placeholder=\"\" value=\"\" data-type=\"text\" class=\"kb-field kb-text-field\" data-required=\"no\" \/><\/div><\/div><\/div>\n\n\n<style>.kadence-column97_a9342f-1f > .kt-inside-inner-col,.kadence-column97_a9342f-1f > .kt-inside-inner-col:before{border-top-left-radius:0px;border-top-right-radius:0px;border-bottom-right-radius:0px;border-bottom-left-radius:0px;}.kadence-column97_a9342f-1f > .kt-inside-inner-col{column-gap:var(--global-kb-gap-sm, 1rem);}.kadence-column97_a9342f-1f > .kt-inside-inner-col{flex-direction:column;}.kadence-column97_a9342f-1f > .kt-inside-inner-col > .aligncenter{width:100%;}.kadence-column97_a9342f-1f > .kt-inside-inner-col:before{opacity:0.3;}.kadence-column97_a9342f-1f{position:relative;}@media all and (max-width: 1024px){.kadence-column97_a9342f-1f > .kt-inside-inner-col{flex-direction:column;justify-content:center;}}@media all and (max-width: 767px){.kadence-column97_a9342f-1f > .kt-inside-inner-col{flex-direction:column;justify-content:center;}}<\/style>\n<div class=\"wp-block-kadence-column kadence-column97_a9342f-1f\"><div class=\"kt-inside-inner-col\"><div class=\"kb-adv-form-field kb-adv-form-text-type-input kb-adv-form-infield-type-input kb-field105c642cf-e6 wp-block-kadence-advanced-form-email\"><label class=\"kb-adv-form-label\" for=\"field105c642cf-e6\">Email<span class=\"kb-adv-form-required\">*<\/span><\/label><input name=\"fieldc642cf-e6\" id=\"field105c642cf-e6\" data-label=\"Email\" type=\"email\" placeholder=\"\" value=\"\" data-type=\"email\" class=\"kb-field kb-email-field\" data-required=\"yes\" required aria-required=\"true\"\/><\/div><\/div><\/div>\n\n<\/div><\/div>\n\n<div class=\"kb-adv-form-field kb-adv-form-text-type-input kb-adv-form-infield-type-input kb-field105dad9cb-aa wp-block-kadence-advanced-form-textarea\"><label class=\"kb-adv-form-label\" for=\"field105dad9cb-aa\">Message<span class=\"kb-adv-form-required\">*<\/span><\/label><textarea name=\"fielddad9cb-aa\" id=\"field105dad9cb-aa\" rows=\"3\"  data-label=\"Message\" placeholder=\"\" data-type=\"textarea\" class=\"kb-field kb-textarea-field\" data-required=\"yes\" required aria-required=\"true\"><\/textarea><\/div>\n\n<style>ul.menu .kb-submit-field .kb-btn1183e2-5d.kb-button{width:initial;}.kb-submit-field .kb-btn1183e2-5d.kb-button{color:var(--global-palette3, #1A202C);background:#ffd9be;}.kb-submit-field.kb-field1183e2-5d{justify-content:flex-start;}<\/style><div class=\"kb-adv-form-field kb-submit-field kb-field1183e2-5d wp-block-kadence-advanced-form-submit\"><button class=\"kb-button kt-button button kb-adv-form-submit-button kb-btn1183e2-5d kt-btn-size-standard kt-btn-width-type-auto kb-btn-global-fill kt-btn-has-text-true kt-btn-has-svg-false\" type=\"submit\"><span class=\"kt-btn-inner-text\">envoyer<\/span><\/button><\/div>\n<input type=\"hidden\" name=\"_kb_adv_form_post_id\" value=\"105\"><input type=\"hidden\" name=\"action\" value=\"kb_process_advanced_form_submit\"><input type=\"hidden\" name=\"_kb_adv_form_id\" value=\"105-cpt-id\"><\/form><\/div><\/div><\/div>\n\n<\/div><\/div>\n\n\n<p><\/p>\n","protected":false},"excerpt":{"rendered":"<p>Me contacter<\/p>\n","protected":false},"author":1,"featured_media":0,"parent":0,"menu_order":0,"comment_status":"closed","ping_status":"closed","template":"","meta":{"_kad_post_transparent":"default","_kad_post_title":"hide","_kad_post_layout":"default","_kad_post_sidebar_id":"","_kad_post_content_style":"unboxed","_kad_post_vertical_padding":"hide","_kad_post_feature":"","_kad_post_feature_position":"","_kad_post_header":false,"_kad_post_footer":false,"_kad_post_classname":"","footnotes":""},"class_list":["post-97","page","type-page","status-publish","hentry"],"yoast_head":"<!-- This site is optimized with the Yoast SEO plugin v27.3 - https:\/\/yoast.com\/product\/yoast-seo-wordpress\/ -->\n<title>contact -<\/title>\n<meta name=\"description\" content=\"Contactez-moi pour \u00e9changer sur votre situation et envisager un accompagnement adapt\u00e9 \u00e0 vos besoins.\" \/>\n<meta name=\"robots\" content=\"index, follow, max-snippet:-1, max-image-preview:large, max-video-preview:-1\" \/>\n<link rel=\"canonical\" href=\"https:\/\/justeplace.me\/?page_id=97\" \/>\n<meta property=\"og:locale\" content=\"fr_FR\" \/>\n<meta property=\"og:type\" content=\"article\" \/>\n<meta property=\"og:title\" content=\"contact -\" \/>\n<meta property=\"og:description\" content=\"Contactez-moi pour \u00e9changer sur votre situation et envisager un accompagnement adapt\u00e9 \u00e0 vos besoins.\" \/>\n<meta property=\"og:url\" content=\"https:\/\/justeplace.me\/?page_id=97\" \/>\n<meta property=\"article:modified_time\" content=\"2026-03-26T16:31:42+00:00\" \/>\n<meta name=\"twitter:card\" content=\"summary_large_image\" \/>\n<meta name=\"twitter:label1\" content=\"Dur\u00e9e de lecture estim\u00e9e\" \/>\n\t<meta name=\"twitter:data1\" content=\"1 minute\" \/>\n<script type=\"application\/ld+json\" class=\"yoast-schema-graph\">{\"@context\":\"https:\\\/\\\/schema.org\",\"@graph\":[{\"@type\":\"WebPage\",\"@id\":\"https:\\\/\\\/justeplace.me\\\/?page_id=97\",\"url\":\"https:\\\/\\\/justeplace.me\\\/?page_id=97\",\"name\":\"contact -\",\"isPartOf\":{\"@id\":\"https:\\\/\\\/justeplace.me\\\/#website\"},\"datePublished\":\"2026-03-26T14:50:03+00:00\",\"dateModified\":\"2026-03-26T16:31:42+00:00\",\"description\":\"Contactez-moi pour \u00e9changer sur votre situation et envisager un accompagnement adapt\u00e9 \u00e0 vos besoins.\",\"breadcrumb\":{\"@id\":\"https:\\\/\\\/justeplace.me\\\/?page_id=97#breadcrumb\"},\"inLanguage\":\"fr-FR\",\"potentialAction\":[{\"@type\":\"ReadAction\",\"target\":[\"https:\\\/\\\/justeplace.me\\\/?page_id=97\"]}]},{\"@type\":\"BreadcrumbList\",\"@id\":\"https:\\\/\\\/justeplace.me\\\/?page_id=97#breadcrumb\",\"itemListElement\":[{\"@type\":\"ListItem\",\"position\":1,\"name\":\"Accueil\",\"item\":\"https:\\\/\\\/justeplace.me\\\/\"},{\"@type\":\"ListItem\",\"position\":2,\"name\":\"contact\"}]},{\"@type\":\"WebSite\",\"@id\":\"https:\\\/\\\/justeplace.me\\\/#website\",\"url\":\"https:\\\/\\\/justeplace.me\\\/\",\"name\":\"\",\"description\":\"\",\"potentialAction\":[{\"@type\":\"SearchAction\",\"target\":{\"@type\":\"EntryPoint\",\"urlTemplate\":\"https:\\\/\\\/justeplace.me\\\/?s={search_term_string}\"},\"query-input\":{\"@type\":\"PropertyValueSpecification\",\"valueRequired\":true,\"valueName\":\"search_term_string\"}}],\"inLanguage\":\"fr-FR\"}]}<\/script>\n<!-- \/ Yoast SEO plugin. -->","yoast_head_json":{"title":"contact -","description":"Contactez-moi pour \u00e9changer sur votre situation et envisager un accompagnement adapt\u00e9 \u00e0 vos besoins.","robots":{"index":"index","follow":"follow","max-snippet":"max-snippet:-1","max-image-preview":"max-image-preview:large","max-video-preview":"max-video-preview:-1"},"canonical":"https:\/\/justeplace.me\/?page_id=97","og_locale":"fr_FR","og_type":"article","og_title":"contact -","og_description":"Contactez-moi pour \u00e9changer sur votre situation et envisager un accompagnement adapt\u00e9 \u00e0 vos besoins.","og_url":"https:\/\/justeplace.me\/?page_id=97","article_modified_time":"2026-03-26T16:31:42+00:00","twitter_card":"summary_large_image","twitter_misc":{"Dur\u00e9e de lecture estim\u00e9e":"1 minute"},"schema":{"@context":"https:\/\/schema.org","@graph":[{"@type":"WebPage","@id":"https:\/\/justeplace.me\/?page_id=97","url":"https:\/\/justeplace.me\/?page_id=97","name":"contact -","isPartOf":{"@id":"https:\/\/justeplace.me\/#website"},"datePublished":"2026-03-26T14:50:03+00:00","dateModified":"2026-03-26T16:31:42+00:00","description":"Contactez-moi pour \u00e9changer sur votre situation et envisager un accompagnement adapt\u00e9 \u00e0 vos besoins.","breadcrumb":{"@id":"https:\/\/justeplace.me\/?page_id=97#breadcrumb"},"inLanguage":"fr-FR","potentialAction":[{"@type":"ReadAction","target":["https:\/\/justeplace.me\/?page_id=97"]}]},{"@type":"BreadcrumbList","@id":"https:\/\/justeplace.me\/?page_id=97#breadcrumb","itemListElement":[{"@type":"ListItem","position":1,"name":"Accueil","item":"https:\/\/justeplace.me\/"},{"@type":"ListItem","position":2,"name":"contact"}]},{"@type":"WebSite","@id":"https:\/\/justeplace.me\/#website","url":"https:\/\/justeplace.me\/","name":"","description":"","potentialAction":[{"@type":"SearchAction","target":{"@type":"EntryPoint","urlTemplate":"https:\/\/justeplace.me\/?s={search_term_string}"},"query-input":{"@type":"PropertyValueSpecification","valueRequired":true,"valueName":"search_term_string"}}],"inLanguage":"fr-FR"}]}},"_links":{"self":[{"href":"https:\/\/justeplace.me\/index.php?rest_route=\/wp\/v2\/pages\/97","targetHints":{"allow":["GET"]}}],"collection":[{"href":"https:\/\/justeplace.me\/index.php?rest_route=\/wp\/v2\/pages"}],"about":[{"href":"https:\/\/justeplace.me\/index.php?rest_route=\/wp\/v2\/types\/page"}],"author":[{"embeddable":true,"href":"https:\/\/justeplace.me\/index.php?rest_route=\/wp\/v2\/users\/1"}],"replies":[{"embeddable":true,"href":"https:\/\/justeplace.me\/index.php?rest_route=%2Fwp%2Fv2%2Fcomments&post=97"}],"version-history":[{"count":15,"href":"https:\/\/justeplace.me\/index.php?rest_route=\/wp\/v2\/pages\/97\/revisions"}],"predecessor-version":[{"id":129,"href":"https:\/\/justeplace.me\/index.php?rest_route=\/wp\/v2\/pages\/97\/revisions\/129"}],"wp:attachment":[{"href":"https:\/\/justeplace.me\/index.php?rest_route=%2Fwp%2Fv2%2Fmedia&parent=97"}],"curies":[{"name":"wp","href":"https:\/\/api.w.org\/{rel}","templated":true}]}}